{"id":592,"date":"2024-04-17T15:28:21","date_gmt":"2024-04-17T13:28:21","guid":{"rendered":"https:\/\/cralasabina.catedu.es\/?page_id=592"},"modified":"2024-04-18T13:32:02","modified_gmt":"2024-04-18T11:32:02","slug":"fotos-1o-trimestre","status":"publish","type":"page","link":"https:\/\/cralasabina.catedu.es\/?page_id=592","title":{"rendered":"FOTOS 1\u00ba TRIMESTRE"},"content":{"rendered":"\t\t<div data-elementor-type=\"wp-page\" data-elementor-id=\"592\" class=\"elementor elementor-592\">\n\t\t\t\t<div class=\"elementor-element elementor-element-83c5124 e-flex e-con-boxed e-con e-parent\" data-id=\"83c5124\" data-element_type=\"container\" data-e-type=\"container\">\n\t\t\t\t\t<div class=\"e-con-inner\">\n\t\t\t\t<div class=\"elementor-element elementor-element-9c3cbf1 elementor-widget elementor-widget-heading\" data-id=\"9c3cbf1\" data-element_type=\"widget\" data-e-type=\"widget\" data-widget_type=\"heading.default\">\n\t\t\t\t<div class=\"elementor-widget-container\">\n\t\t\t\t\t<h2 class=\"elementor-heading-title elementor-size-default\">PLANETARIO Y MUSEO DE LAS MATEM\u00c1TICAS<\/h2>\t\t\t\t<\/div>\n\t\t\t\t<\/div>\n\t\t\t\t<div class=\"elementor-element elementor-element-58db122 elementor-widget elementor-widget-heading\" data-id=\"58db122\" data-element_type=\"widget\" data-e-type=\"widget\" data-widget_type=\"heading.default\">\n\t\t\t\t<div class=\"elementor-widget-container\">\n\t\t\t\t\t<h2 class=\"elementor-heading-title elementor-size-default\">Como colof\u00f3n al primer trimestre todos los alumnos del CRA La Sabina visitamos el Planetario de Huesca y el museo de matem\u00e1ticas. En la siguiente imagen pod\u00e9is hacer click para encontrar las fotos de esta experiencia.<\/h2>\t\t\t\t<\/div>\n\t\t\t\t<\/div>\n\t\t\t\t\t<\/div>\n\t\t\t\t<\/div>\n\t\t<div class=\"elementor-element elementor-element-ab210ca e-flex e-con-boxed e-con e-parent\" data-id=\"ab210ca\" data-element_type=\"container\" data-e-type=\"container\">\n\t\t\t\t\t<div class=\"e-con-inner\">\n\t\t\t\t<div class=\"elementor-element elementor-element-ba3bc06 elementor-widget elementor-widget-image\" data-id=\"ba3bc06\" data-element_type=\"widget\" data-e-type=\"widget\" data-widget_type=\"image.default\">\n\t\t\t\t<div class=\"elementor-widget-container\">\n\t\t\t\t\t\t\t\t\t\t\t\t\t\t\t\t<a href=\"https:\/\/drive.google.com\/drive\/u\/0\/folders\/1JZu1vzVFmSo9DIej_pB_YsKQkKKzc51w\">\n\t\t\t\t\t\t\t<img fetchpriority=\"high\" decoding=\"async\" width=\"616\" height=\"411\" src=\"https:\/\/cralasabina.catedu.es\/wp-content\/uploads\/sites\/201\/2024\/04\/planetario-1.jpg\" class=\"attachment-large size-large wp-image-667\" alt=\"\" srcset=\"https:\/\/cralasabina.catedu.es\/wp-content\/uploads\/sites\/201\/2024\/04\/planetario-1.jpg 1024w, https:\/\/cralasabina.catedu.es\/wp-content\/uploads\/sites\/201\/2024\/04\/planetario-1-300x200.jpg 300w, https:\/\/cralasabina.catedu.es\/wp-content\/uploads\/sites\/201\/2024\/04\/planetario-1-768x512.jpg 768w, https:\/\/cralasabina.catedu.es\/wp-content\/uploads\/sites\/201\/2024\/04\/planetario-1-150x100.jpg 150w\" sizes=\"(max-width: 616px) 100vw, 616px\" \/>\t\t\t\t\t\t\t\t<\/a>\n\t\t\t\t\t\t\t\t\t\t\t\t\t\t\t<\/div>\n\t\t\t\t<\/div>\n\t\t\t\t\t<\/div>\n\t\t\t\t<\/div>\n\t\t\t\t<\/div>\n\t\t","protected":false},"excerpt":{"rendered":"<p>PLANETARIO Y MUSEO DE LAS MATEM\u00c1TICAS Como colof\u00f3n al primer trimestre todos los alumnos del CRA La Sabina visitamos el Planetario de Huesca y el museo de matem\u00e1ticas. En la siguiente imagen pod\u00e9is hacer click para encontrar las fotos de esta experiencia.<\/p>\n","protected":false},"author":1765,"featured_media":0,"parent":0,"menu_order":0,"comment_status":"closed","ping_status":"closed","template":"","meta":{"_monsterinsights_skip_tracking":false,"_monsterinsights_sitenote_active":false,"_monsterinsights_sitenote_note":"","_monsterinsights_sitenote_category":0,"footnotes":""},"class_list":["post-592","page","type-page","status-publish","hentry"],"_links":{"self":[{"href":"https:\/\/cralasabina.catedu.es\/index.php?rest_route=\/wp\/v2\/pages\/592","targetHints":{"allow":["GET"]}}],"collection":[{"href":"https:\/\/cralasabina.catedu.es\/index.php?rest_route=\/wp\/v2\/pages"}],"about":[{"href":"https:\/\/cralasabina.catedu.es\/index.php?rest_route=\/wp\/v2\/types\/page"}],"author":[{"embeddable":true,"href":"https:\/\/cralasabina.catedu.es\/index.php?rest_route=\/wp\/v2\/users\/1765"}],"replies":[{"embeddable":true,"href":"https:\/\/cralasabina.catedu.es\/index.php?rest_route=%2Fwp%2Fv2%2Fcomments&post=592"}],"version-history":[{"count":13,"href":"https:\/\/cralasabina.catedu.es\/index.php?rest_route=\/wp\/v2\/pages\/592\/revisions"}],"predecessor-version":[{"id":683,"href":"https:\/\/cralasabina.catedu.es\/index.php?rest_route=\/wp\/v2\/pages\/592\/revisions\/683"}],"wp:attachment":[{"href":"https:\/\/cralasabina.catedu.es\/index.php?rest_route=%2Fwp%2Fv2%2Fmedia&parent=592"}],"curies":[{"name":"wp","href":"https:\/\/api.w.org\/{rel}","templated":true}]}}