{"id":140,"date":"2023-11-22T15:48:56","date_gmt":"2023-11-22T14:48:56","guid":{"rendered":"https:\/\/cralasabina.catedu.es\/?page_id=140"},"modified":"2025-05-09T09:31:44","modified_gmt":"2025-05-09T07:31:44","slug":"becas","status":"publish","type":"page","link":"https:\/\/cralasabina.catedu.es\/?page_id=140","title":{"rendered":"BECAS"},"content":{"rendered":"\n<p class=\"has-vivid-red-color has-pale-cyan-blue-background-color has-text-color has-background has-link-color wp-elements-3fbf00f50c42e72019aea1484aed0ed4\">Clica <a href=\"https:\/\/educa.aragon.es\/equidad-e-inclusion\">AQU\u00cd<\/a> para acceder a la secci\u00f3n de BECAS del Gobierno de Arag\u00f3n<\/p>\n\n\n","protected":false},"excerpt":{"rendered":"<p>Clica AQU\u00cd para acceder a la secci\u00f3n de BECAS del Gobierno de Arag\u00f3n<\/p>\n","protected":false},"author":1765,"featured_media":0,"parent":0,"menu_order":0,"comment_status":"closed","ping_status":"closed","template":"","meta":{"_monsterinsights_skip_tracking":false,"_monsterinsights_sitenote_active":false,"_monsterinsights_sitenote_note":"","_monsterinsights_sitenote_category":0,"footnotes":""},"class_list":["post-140","page","type-page","status-publish","hentry"],"_links":{"self":[{"href":"https:\/\/cralasabina.catedu.es\/index.php?rest_route=\/wp\/v2\/pages\/140","targetHints":{"allow":["GET"]}}],"collection":[{"href":"https:\/\/cralasabina.catedu.es\/index.php?rest_route=\/wp\/v2\/pages"}],"about":[{"href":"https:\/\/cralasabina.catedu.es\/index.php?rest_route=\/wp\/v2\/types\/page"}],"author":[{"embeddable":true,"href":"https:\/\/cralasabina.catedu.es\/index.php?rest_route=\/wp\/v2\/users\/1765"}],"replies":[{"embeddable":true,"href":"https:\/\/cralasabina.catedu.es\/index.php?rest_route=%2Fwp%2Fv2%2Fcomments&post=140"}],"version-history":[{"count":4,"href":"https:\/\/cralasabina.catedu.es\/index.php?rest_route=\/wp\/v2\/pages\/140\/revisions"}],"predecessor-version":[{"id":1124,"href":"https:\/\/cralasabina.catedu.es\/index.php?rest_route=\/wp\/v2\/pages\/140\/revisions\/1124"}],"wp:attachment":[{"href":"https:\/\/cralasabina.catedu.es\/index.php?rest_route=%2Fwp%2Fv2%2Fmedia&parent=140"}],"curies":[{"name":"wp","href":"https:\/\/api.w.org\/{rel}","templated":true}]}}